{"id":35332,"date":"2025-05-22T18:33:30","date_gmt":"2025-05-22T16:33:30","guid":{"rendered":"https:\/\/mmsz-dachau.de\/?page_id=35332"},"modified":"2025-05-23T08:46:42","modified_gmt":"2025-05-23T06:46:42","slug":"shoah-stories","status":"publish","type":"page","link":"https:\/\/mmsz-dachau.de\/en\/digitale-bildung\/shoah-stories\/","title":{"rendered":"Shoah Stories"},"content":{"rendered":"<h1>Shoah Stories<\/h1>\n<p>SHOAH STORIES nutzt die M\u00f6glichkeiten von Kurzvideoplattformen f\u00fcr das Lernen \u00fcber den Holocaust. Durch dynamische Inhalte von etablierten Creator:innen und Institutionen in Kombination mit praktischen Tools f\u00fcr P\u00e4dagog:innen und Vermittler:innen wird dieses innovative Projekt den sich ver\u00e4ndernden Mediennutzungsgewohnheiten gerecht. Das Projekt wird von einer Studie begleitet, die untersucht, wie junge Nutzer:innen mit Kurzvideos \u00fcber die Shoah umgehen. Wie reagieren junge Menschen auf diese Videos? Welche Themen und Formate bevorzugen sie? Die Ergebnisse der Studie werden in eine Reihe von Empfehlungen sowie in die Entwicklung und Verbesserung der Bildungsplattform einflie\u00dfen.<\/p>\n<p>Im Rahmen des Projekts entsteht eine Bildungsplattform im Internet, die als Zugang zu dieser dynamischen und wachsenden Bibliothek vertrauensw\u00fcrdiger Kurzvideos zu verschiedenen Themen und Perspektiven im Zusammenhang mit dem Holocaust f\u00fcr Sch\u00fcler*innen und Studierende leicht zug\u00e4nglich ist. Die Sch\u00fcler*innen lernen \u00fcber den Holocaust durch komprimierte Videoinhalte. Damit setzt das Projekt neue Ma\u00dfst\u00e4be in der digitalen Bildung im Allgemeinen und insbesondere f\u00fcr das Lernen \u00fcber den Holocaust. Auf diese Weise f\u00f6rdert das Projekt auch historisches Bewusstsein und wirkt Desinformation entgegen, um sicherzustellen, dass die Lehren aus der Vergangenheit bewahrt und von zuk\u00fcnftigen Generationen verstanden werden.<\/p>\n<p>Link zur Homepage: <a href=\"https:\/\/shoahstories.video\/\">SHOAH STORIES \u2013 Main Page<\/a><\/p>\n","protected":false},"excerpt":{"rendered":"<p>Shoah Stories SHOAH STORIES nutzt die M\u00f6glichkeiten von Kurzvideoplattformen f\u00fcr das Lernen \u00fcber den Holocaust. Durch dynamische Inhalte von etablierten Creator:innen und Institutionen in Kombination mit praktischen Tools f\u00fcr P\u00e4dagog:innen [&hellip;]<\/p>\n","protected":false},"author":1,"featured_media":35344,"parent":35197,"menu_order":0,"comment_status":"closed","ping_status":"closed","template":"","meta":{"_acf_changed":false,"_et_pb_use_builder":"","_et_pb_old_content":"","_et_gb_content_width":"","footnotes":""},"class_list":["post-35332","page","type-page","status-publish","has-post-thumbnail","hentry"],"acf":[],"_links":{"self":[{"href":"https:\/\/mmsz-dachau.de\/en\/wp-json\/wp\/v2\/pages\/35332","targetHints":{"allow":["GET"]}}],"collection":[{"href":"https:\/\/mmsz-dachau.de\/en\/wp-json\/wp\/v2\/pages"}],"about":[{"href":"https:\/\/mmsz-dachau.de\/en\/wp-json\/wp\/v2\/types\/page"}],"author":[{"embeddable":true,"href":"https:\/\/mmsz-dachau.de\/en\/wp-json\/wp\/v2\/users\/1"}],"replies":[{"embeddable":true,"href":"https:\/\/mmsz-dachau.de\/en\/wp-json\/wp\/v2\/comments?post=35332"}],"version-history":[{"count":1,"href":"https:\/\/mmsz-dachau.de\/en\/wp-json\/wp\/v2\/pages\/35332\/revisions"}],"predecessor-version":[{"id":35333,"href":"https:\/\/mmsz-dachau.de\/en\/wp-json\/wp\/v2\/pages\/35332\/revisions\/35333"}],"up":[{"embeddable":true,"href":"https:\/\/mmsz-dachau.de\/en\/wp-json\/wp\/v2\/pages\/35197"}],"wp:featuredmedia":[{"embeddable":true,"href":"https:\/\/mmsz-dachau.de\/en\/wp-json\/wp\/v2\/media\/35344"}],"wp:attachment":[{"href":"https:\/\/mmsz-dachau.de\/en\/wp-json\/wp\/v2\/media?parent=35332"}],"curies":[{"name":"wp","href":"https:\/\/api.w.org\/{rel}","templated":true}]}}