{"id":35161,"date":"2025-03-12T15:43:57","date_gmt":"2025-03-12T14:43:57","guid":{"rendered":"https:\/\/mmsz-dachau.de\/?page_id=35161"},"modified":"2025-05-23T08:49:36","modified_gmt":"2025-05-23T06:49:36","slug":"short-videos-lasting-memories","status":"publish","type":"page","link":"https:\/\/mmsz-dachau.de\/en\/digitale-bildung\/short-videos-lasting-memories\/","title":{"rendered":"Short Videos &#8211; Lasting Memories"},"content":{"rendered":"<h1>Short Videos &#8211; Lasting Memories<\/h1>\n<p>Mit dem transnationalen Projekt \u201eShort videos, lasting memories\u201c gemeinsam mit Democ e.V. der KZ-Gedenkst\u00e4tte Mauthausen (\u00d6sterreich), der Internationalen Jugendbegegnungsst\u00e4tte O\u015bwi\u0119cim (Polen), dem Yad Mordechai Museum (Israel) und dem Max Mannheimer Studienzentru wurde erprobt, wie sich Kurzvideos auch als p\u00e4dagogisches Werkzeug nutzen lassen: Als Mittel, sich selbst auszudr\u00fccken, sind Kurzvideos vielen Jugendlichen heute n\u00e4her, als angestaubte Methoden wie Plakate, Gruppendiskussionen oder Referate. Der Einsatz in Gedenkst\u00e4tten bietet so Potenziale, Jugendlichen eigene Wege der Auseinandersetzung mit dem Nationalsozialismus und der Shoah zu finden.<\/p>\n<p>In vier gemeinsamen Workshops entwickelten die Projektpartner im Jahr 2024 ein Konzept, um Kurzvideos in der Erinnerungsarbeit mit Jugendlichen als p\u00e4dagogisches Tool zu nutzen.<\/p>\n<p>&nbsp;<\/p>\n<p><a href=\"https:\/\/mmsz-dachau.de\/wp-content\/uploads\/2025\/05\/241114_Handreichung_SVM_DE_WEB.pdf\" target=\"_blank\" rel=\"noopener\">Die Ergebnisse werden in dieser Handreichung geteilt (PDF).<\/a><\/p>\n<p>&nbsp;<\/p>\n<p>&nbsp;<\/p>\n<p>&nbsp;<\/p>\n<p>&nbsp;<\/p>\n<p>&nbsp;<\/p>\n<p>&nbsp;<\/p>\n","protected":false},"excerpt":{"rendered":"<p>Short Videos &#8211; Lasting Memories Mit dem transnationalen Projekt \u201eShort videos, lasting memories\u201c gemeinsam mit Democ e.V. der KZ-Gedenkst\u00e4tte Mauthausen (\u00d6sterreich), der Internationalen Jugendbegegnungsst\u00e4tte O\u015bwi\u0119cim (Polen), dem Yad Mordechai Museum [&hellip;]<\/p>\n","protected":false},"author":1,"featured_media":35346,"parent":35197,"menu_order":0,"comment_status":"closed","ping_status":"closed","template":"","meta":{"_acf_changed":false,"_et_pb_use_builder":"","_et_pb_old_content":"","_et_gb_content_width":"","footnotes":""},"class_list":["post-35161","page","type-page","status-publish","has-post-thumbnail","hentry"],"acf":[],"_links":{"self":[{"href":"https:\/\/mmsz-dachau.de\/en\/wp-json\/wp\/v2\/pages\/35161","targetHints":{"allow":["GET"]}}],"collection":[{"href":"https:\/\/mmsz-dachau.de\/en\/wp-json\/wp\/v2\/pages"}],"about":[{"href":"https:\/\/mmsz-dachau.de\/en\/wp-json\/wp\/v2\/types\/page"}],"author":[{"embeddable":true,"href":"https:\/\/mmsz-dachau.de\/en\/wp-json\/wp\/v2\/users\/1"}],"replies":[{"embeddable":true,"href":"https:\/\/mmsz-dachau.de\/en\/wp-json\/wp\/v2\/comments?post=35161"}],"version-history":[{"count":5,"href":"https:\/\/mmsz-dachau.de\/en\/wp-json\/wp\/v2\/pages\/35161\/revisions"}],"predecessor-version":[{"id":35352,"href":"https:\/\/mmsz-dachau.de\/en\/wp-json\/wp\/v2\/pages\/35161\/revisions\/35352"}],"up":[{"embeddable":true,"href":"https:\/\/mmsz-dachau.de\/en\/wp-json\/wp\/v2\/pages\/35197"}],"wp:featuredmedia":[{"embeddable":true,"href":"https:\/\/mmsz-dachau.de\/en\/wp-json\/wp\/v2\/media\/35346"}],"wp:attachment":[{"href":"https:\/\/mmsz-dachau.de\/en\/wp-json\/wp\/v2\/media?parent=35161"}],"curies":[{"name":"wp","href":"https:\/\/api.w.org\/{rel}","templated":true}]}}