{"id":35098,"date":"2025-02-11T14:32:06","date_gmt":"2025-02-11T13:32:06","guid":{"rendered":"https:\/\/mmsz-dachau.de\/?page_id=35098"},"modified":"2025-07-23T13:33:47","modified_gmt":"2025-07-23T11:33:47","slug":"memory-momentum","status":"publish","type":"page","link":"https:\/\/mmsz-dachau.de\/en\/studienzentrum\/memory-momentum\/","title":{"rendered":"Memory Momentum &#8211; Warum erinnern wir uns noch 80 Jahre nach der Shoah?"},"content":{"rendered":"<h1>Memory Momentum &#8211; Warum erinnern wir uns noch 80 Jahre nach der Shoah?<\/h1>\n<p>Insbesondere im virtuellen Raum ist Antisemitismus weit verbreitet \u2013 und damit im aktuell wichtigsten und pr\u00e4gendsten lebensweltlichen Kommunikations- und Informationsforum junger Menschen. F\u00fcr diese Zielgruppe stellt das Internet die bevorzugte Plattform zur Wissensaneignung dar. Entsprechend ist es von zentraler Bedeutung, junge Menschen in der ihnen vertrauten und als attraktiv erlebten Umgebung abzuholen und eine digitale Plattform bereitzustellen, die differenzierte, vielf\u00e4ltige und empathische Zug\u00e4nge zum Thema bietet und auch im Rahmen analoger Vermittlungsformate genutzt werden kann. Memory Momentum erm\u00f6glicht als eine virtuelle, multimodale Lernplattform sowie Vor-Ort-Workshops und Schulungen, die 2025-2028 entstehen, eine kognitive und kreative Wissensaneignung, die Sensibilisierung f\u00fcr Antisemitismus sowie die Reflexion eigener Vorurteile und tr\u00e4gt so zur Verringerung derselben bei.<\/p>\n<p>Im Projektjahr 2025 wird das digitale Modul \u201eQ&amp;A \u2013 Quellen und Archiv\u201c entwickelt.<br \/>\n\u201eQ&amp;A\u201c erm\u00f6glicht es, didaktisch ansprechend, historische und aktuelle Quellen anhand interaktiver Anwendungen selbst erkundend zu dekonstruieren. Zudem wird ein Workshop konzipiert in dem die Teilnehmenden auf der Basis von \u201eQ&amp;A\u201c unter Einsatz von dialogischen und introspektiven Methoden die strukturellen \u00c4hnlichkeiten diskriminierender antisemitischer Aussagen mit Blick auf die Auswirkungen f\u00fcr Betroffene heraus. So verbinden sich kognitiver und empathischer Ansatz.<\/p>\n<p>Sowohl das digitale Modul und als auch der Workshop werden fortlaufend von der Zielgruppe evaluiert.<\/p>\n<p>Das Projekt &#8220;Memory Momentum&#8221; wird gef\u00f6rdert im Bundesprogramm &#8220;Demokratie leben!&#8221; des Bundesministeriums f\u00fcr Bildung, Familie, Senioren, Frauen und Jugend (BMBFSFJ).<\/p>\n<p><a href=\"https:\/\/mmsz-dachau.de\/studienzentrum\/memory-momentum\/bmbfsfj_dl_mitfoerderzusatz\/\" rel=\"attachment wp-att-35416\"><img loading=\"lazy\" decoding=\"async\" class=\" wp-image-35416 alignleft\" src=\"https:\/\/mmsz-dachau.de\/wp-content\/uploads\/2025\/06\/BMBFSFJ_DL_mitFoerderzusatz.jpg\" alt=\"\" width=\"367\" height=\"124\" \/><\/a><\/p>\n<p>&nbsp;<\/p>\n<p>&nbsp;<\/p>\n<p>&nbsp;<\/p>\n<p>&nbsp;<\/p>\n<p><a href=\"https:\/\/www.demokratie-leben.de\/\">Startseite &#8211; Bundesprogramm &#8220;Demokratie leben!&#8221;<\/a><\/p>\n<p>&nbsp;<\/p>\n","protected":false},"excerpt":{"rendered":"<p>Memory Momentum &#8211; Warum erinnern wir uns noch 80 Jahre nach der Shoah? Insbesondere im virtuellen Raum ist Antisemitismus weit verbreitet \u2013 und damit im aktuell wichtigsten und pr\u00e4gendsten lebensweltlichen [&hellip;]<\/p>\n","protected":false},"author":1,"featured_media":29596,"parent":4,"menu_order":0,"comment_status":"closed","ping_status":"closed","template":"","meta":{"_acf_changed":false,"_et_pb_use_builder":"","_et_pb_old_content":"","_et_gb_content_width":"","footnotes":""},"class_list":["post-35098","page","type-page","status-publish","has-post-thumbnail","hentry"],"acf":[],"_links":{"self":[{"href":"https:\/\/mmsz-dachau.de\/en\/wp-json\/wp\/v2\/pages\/35098","targetHints":{"allow":["GET"]}}],"collection":[{"href":"https:\/\/mmsz-dachau.de\/en\/wp-json\/wp\/v2\/pages"}],"about":[{"href":"https:\/\/mmsz-dachau.de\/en\/wp-json\/wp\/v2\/types\/page"}],"author":[{"embeddable":true,"href":"https:\/\/mmsz-dachau.de\/en\/wp-json\/wp\/v2\/users\/1"}],"replies":[{"embeddable":true,"href":"https:\/\/mmsz-dachau.de\/en\/wp-json\/wp\/v2\/comments?post=35098"}],"version-history":[{"count":12,"href":"https:\/\/mmsz-dachau.de\/en\/wp-json\/wp\/v2\/pages\/35098\/revisions"}],"predecessor-version":[{"id":35474,"href":"https:\/\/mmsz-dachau.de\/en\/wp-json\/wp\/v2\/pages\/35098\/revisions\/35474"}],"up":[{"embeddable":true,"href":"https:\/\/mmsz-dachau.de\/en\/wp-json\/wp\/v2\/pages\/4"}],"wp:featuredmedia":[{"embeddable":true,"href":"https:\/\/mmsz-dachau.de\/en\/wp-json\/wp\/v2\/media\/29596"}],"wp:attachment":[{"href":"https:\/\/mmsz-dachau.de\/en\/wp-json\/wp\/v2\/media?parent=35098"}],"curies":[{"name":"wp","href":"https:\/\/api.w.org\/{rel}","templated":true}]}}