{"id":35,"date":"2017-04-18T15:32:24","date_gmt":"2017-04-18T13:32:24","guid":{"rendered":"https:\/\/lab.thomas-vonier.de\/mmh\/?page_id=35"},"modified":"2017-08-01T11:11:01","modified_gmt":"2017-08-01T09:11:01","slug":"freiwilliges-soziales-jahr-kultur-praktika","status":"publish","type":"page","link":"https:\/\/mmsz-dachau.de\/en\/studienprogramme\/freiwilliges-soziales-jahr-kultur-praktika\/","title":{"rendered":"Freiwilliges Soziales Jahr"},"content":{"rendered":"<p>[et_pb_section bb_built=&#8221;1&#8243; fullwidth=&#8221;on&#8221; specialty=&#8221;off&#8221;][et_pb_fullwidth_image src=&#8221;https:\/\/mmsz-dachau.de\/wp-content\/uploads\/2017\/04\/mmsz-bg_05.jpg&#8221; show_in_lightbox=&#8221;off&#8221; url_new_window=&#8221;off&#8221; use_overlay=&#8221;off&#8221; use_border_color=&#8221;off&#8221; border_color=&#8221;#ffffff&#8221; border_style=&#8221;solid&#8221; animation=&#8221;fade_in&#8221; \/][\/et_pb_section][et_pb_section bb_built=&#8221;1&#8243; admin_label=&#8221;section&#8221; transparent_background=&#8221;off&#8221; allow_player_pause=&#8221;off&#8221; inner_shadow=&#8221;off&#8221; parallax=&#8221;off&#8221; parallax_method=&#8221;on&#8221; make_fullwidth=&#8221;off&#8221; use_custom_width=&#8221;off&#8221; width_unit=&#8221;on&#8221; make_equal=&#8221;off&#8221; use_custom_gutter=&#8221;off&#8221; background_color=&#8221;#ededed&#8221;][et_pb_row allow_player_pause=&#8221;off&#8221; parallax=&#8221;off&#8221; parallax_method=&#8221;on&#8221; parallax_1=&#8221;off&#8221; parallax_method_1=&#8221;off&#8221; parallax_2=&#8221;off&#8221; parallax_method_2=&#8221;off&#8221; make_fullwidth=&#8221;off&#8221; use_custom_width=&#8221;off&#8221; width_unit=&#8221;on&#8221; use_custom_gutter=&#8221;off&#8221; make_equal=&#8221;off&#8221; custom_margin=&#8221;-20%|||&#8221; custom_padding=&#8221;30px|30px|30px|30px&#8221; custom_padding_last_edited=&#8221;on|tablet&#8221; background_color=&#8221;#ffffff&#8221; background_position=&#8221;top_left&#8221; background_repeat=&#8221;repeat&#8221; background_size=&#8221;initial&#8221;][et_pb_column type=&#8221;3_4&#8243;][et_pb_code admin_label=&#8221;Code &#8211; yoast-breadcrumb&#8221; saved_tabs=&#8221;all&#8221; disabled=&#8221;off&#8221; disabled_on=&#8221;on||&#8221; custom_css_main_element=&#8221;padding-left:20px&#8221; global_module=&#8221;29106&#8243;]&lt;!&#8211; [et_pb_line_break_holder] &#8211;&gt;&lt;!&#8211; [et_pb_line_break_holder] &#8211;&gt;[yoast-breadcrumb]&lt;!&#8211; [et_pb_line_break_holder] &#8211;&gt;&lt;!&#8211; [et_pb_line_break_holder] &#8211;&gt;[\/et_pb_code][et_pb_text global_parent=&#8221;28931&#8243; background_layout=&#8221;light&#8221; text_orientation=&#8221;left&#8221; use_border_color=&#8221;off&#8221; border_color=&#8221;#ffffff&#8221; border_style=&#8221;solid&#8221; background_color=&#8221;#ffffff&#8221; saved_tabs=&#8221;all&#8221; custom_padding=&#8221;|20px||20px&#8221; background_position=&#8221;top_left&#8221; background_repeat=&#8221;repeat&#8221; background_size=&#8221;initial&#8221;]<\/p>\n<div id=\"content\">\n<div id=\"content\">\n<h1>Freiwilliges Soziales Jahr<\/h1>\n<p>Junge Erwachsene haben die M\u00f6glichkeit, ihr Freiwilliges Soziales Jahr Kultur (FSJ-Kultur) bzw. ihren Bundesfreiwilligendienst am Max Mannheimer Studienzentrum zu absolvieren. Bei Interesse f\u00fcr die Geschichte des Nationalsozialismus und f\u00fcr historisch-politische Bildungsarbeit bieten wir einen Bildungs- und Arbeitsplatz, an dem Sie sich praktisch erproben, vorberufliche Erfahrungen sammeln und sich f\u00fcr und gemeinsam mit anderen engagieren k\u00f6nnen. Das T\u00e4tigkeitsprofil umfasst dabei neben organisatorischen Aufgaben insbesondere die Unterst\u00fctzung bei der Entwicklung von Bildungsmaterialien und die p\u00e4dagogische Arbeit mit Jugendlichen.<\/p>\n<\/div>\n<\/div>\n<p>[\/et_pb_text][et_pb_cta admin_label=&#8221;Handlungsaufruf&#8221; title=&#8221;Mehr Informationen zum Freiwilligen Sozialen Jahr&#8221; button_text=&#8221;Mehr Informationen&#8221; button_url=&#8221;http:\/\/www.freiwilligendienste-kultur.spielmobile.de\/&#8221; url_new_window=&#8221;off&#8221; use_background_color=&#8221;on&#8221; background_color=&#8221;#046bc1&#8243; background_layout=&#8221;dark&#8221; text_orientation=&#8221;center&#8221; use_border_color=&#8221;off&#8221; border_color=&#8221;#ffffff&#8221; border_style=&#8221;solid&#8221; custom_button=&#8221;off&#8221; button_border_width=&#8221;0&#8243; button_letter_spacing=&#8221;0&#8243; button_use_icon=&#8221;default&#8221; button_icon_placement=&#8221;right&#8221; button_on_hover=&#8221;on&#8221; button_letter_spacing_hover=&#8221;0&#8243; background_position=&#8221;top_left&#8221; background_repeat=&#8221;repeat&#8221; background_size=&#8221;initial&#8221;]<\/p>\n<p>Informationen zu freien Stellen und zum Bewerbungsverfahren finden Sie auf der Homepage der Tr\u00e4gerorganisation BAG Spielmobile e.V.<\/p>\n<p>[\/et_pb_cta][et_pb_cta admin_label=&#8221;Handlungsaufruf&#8221; title=&#8221;Praktikum im Max Mannheimer Studienzentrum&#8221; button_text=&#8221;Schreiben Sie uns eine Mail&#8221; button_url=&#8221;mailto:bildung@mmsz-dachau.de.&#8221; url_new_window=&#8221;off&#8221; use_background_color=&#8221;on&#8221; background_color=&#8221;#046bc1&#8243; background_layout=&#8221;dark&#8221; text_orientation=&#8221;center&#8221; use_border_color=&#8221;off&#8221; border_color=&#8221;#ffffff&#8221; border_style=&#8221;solid&#8221; custom_button=&#8221;off&#8221; button_border_width=&#8221;0&#8243; button_letter_spacing=&#8221;0&#8243; button_use_icon=&#8221;default&#8221; button_icon_placement=&#8221;right&#8221; button_on_hover=&#8221;on&#8221; button_letter_spacing_hover=&#8221;0&#8243; background_position=&#8221;top_left&#8221; background_repeat=&#8221;repeat&#8221; background_size=&#8221;initial&#8221;]<\/p>\n<p>Zudem bieten wir laufend Praktika an. Sollten Sie Interesse an einem Praktikum im Max Mannheimer Studienzentrum haben, wenden Sie sich bitte an bildung@mmsz-dachau.de.<\/p>\n<p>[\/et_pb_cta][\/et_pb_column][et_pb_column type=&#8221;1_4&#8243;][et_pb_sidebar admin_label=&#8221;Seitenleiste&#8221; area=&#8221;et_pb_widget_area_1&#8243; orientation=&#8221;left&#8221; remove_border=&#8221;off&#8221; background_layout=&#8221;light&#8221; header_text_color=&#8221;#000000&#8243; body_text_color=&#8221;#004588&#8243; header_font=&#8221;|on|||&#8221; body_font_size=&#8221;12&#8243; body_line_height=&#8221;1.2em&#8221; saved_tabs=&#8221;all&#8221; global_module=&#8221;29248&#8243; \/][et_pb_blurb global_parent=&#8221;28931&#8243; url_new_window=&#8221;off&#8221; use_icon=&#8221;off&#8221; image=&#8221;https:\/\/mmsz-dachau.de\/wp-content\/uploads\/2017\/05\/team.1.jpg&#8221; icon_color=&#8221;#ffffff&#8221; use_circle=&#8221;off&#8221; circle_color=&#8221;#ffffff&#8221; use_circle_border=&#8221;off&#8221; circle_border_color=&#8221;#ffffff&#8221; icon_placement=&#8221;top&#8221; use_icon_font_size=&#8221;off&#8221; background_layout=&#8221;light&#8221; text_orientation=&#8221;left&#8221; use_border_color=&#8221;off&#8221; border_color=&#8221;#ffffff&#8221; border_style=&#8221;solid&#8221; animation=&#8221;top&#8221; alt=&#8221;Alt-Text&#8221; body_font_size=&#8221;12&#8243; body_line_height=&#8221;1.5em&#8221; body_text_color=&#8221;#888888&#8243; saved_tabs=&#8221;all&#8221; background_position=&#8221;top_left&#8221; background_repeat=&#8221;repeat&#8221; background_size=&#8221;initial&#8221;]<\/p>\n<p><strong>Lorem ipsum dolor<\/strong> sit amet, consectetuer adipiscing elit. Aenean commodo ligula eget dolor. Aenean massa. Cum sociis natoque penatibus et magnis dis parturient montes, nascetur ridiculus mus.<\/p>\n<p>[\/et_pb_blurb][et_pb_blurb global_parent=&#8221;28931&#8243; url_new_window=&#8221;off&#8221; use_icon=&#8221;off&#8221; image=&#8221;https:\/\/mmsz-dachau.de\/wp-content\/uploads\/2017\/05\/team.1.jpg&#8221; icon_color=&#8221;#ffffff&#8221; use_circle=&#8221;off&#8221; circle_color=&#8221;#ffffff&#8221; use_circle_border=&#8221;off&#8221; circle_border_color=&#8221;#ffffff&#8221; icon_placement=&#8221;top&#8221; use_icon_font_size=&#8221;off&#8221; background_layout=&#8221;light&#8221; text_orientation=&#8221;left&#8221; use_border_color=&#8221;off&#8221; border_color=&#8221;#ffffff&#8221; border_style=&#8221;solid&#8221; animation=&#8221;top&#8221; alt=&#8221;Alt-Text&#8221; body_font_size=&#8221;12&#8243; body_line_height=&#8221;1.5em&#8221; body_text_color=&#8221;#888888&#8243; saved_tabs=&#8221;all&#8221; background_position=&#8221;top_left&#8221; background_repeat=&#8221;repeat&#8221; background_size=&#8221;initial&#8221;]<\/p>\n<p><strong>Lorem ipsum dolor<\/strong> sit amet, consectetuer adipiscing elit. Aenean commodo ligula eget dolor. Aenean massa. Cum sociis natoque penatibus et magnis dis parturient montes, nascetur ridiculus mus.<\/p>\n<p>[\/et_pb_blurb][\/et_pb_column][\/et_pb_row][\/et_pb_section]<\/p>\n","protected":false},"excerpt":{"rendered":"<p>&lt;!&#8211; [et_pb_line_break_holder] &#8211;&gt;&lt;!&#8211; [et_pb_line_break_holder] &#8211;&gt;[yoast-breadcrumb]&lt;!&#8211; [et_pb_line_break_holder] &#8211;&gt;&lt;!&#8211; [et_pb_line_break_holder] &#8211;&gt; Freiwilliges Soziales Jahr Junge Erwachsene haben die M\u00f6glichkeit, ihr Freiwilliges Soziales Jahr Kultur (FSJ-Kultur) bzw. ihren Bundesfreiwilligendienst am Max Mannheimer Studienzentrum [&hellip;]<\/p>\n","protected":false},"author":1,"featured_media":0,"parent":11,"menu_order":0,"comment_status":"closed","ping_status":"closed","template":"","meta":{"_acf_changed":false,"_et_pb_use_builder":"on","_et_pb_old_content":"","_et_gb_content_width":"","footnotes":""},"class_list":["post-35","page","type-page","status-publish","hentry"],"acf":[],"_links":{"self":[{"href":"https:\/\/mmsz-dachau.de\/en\/wp-json\/wp\/v2\/pages\/35","targetHints":{"allow":["GET"]}}],"collection":[{"href":"https:\/\/mmsz-dachau.de\/en\/wp-json\/wp\/v2\/pages"}],"about":[{"href":"https:\/\/mmsz-dachau.de\/en\/wp-json\/wp\/v2\/types\/page"}],"author":[{"embeddable":true,"href":"https:\/\/mmsz-dachau.de\/en\/wp-json\/wp\/v2\/users\/1"}],"replies":[{"embeddable":true,"href":"https:\/\/mmsz-dachau.de\/en\/wp-json\/wp\/v2\/comments?post=35"}],"version-history":[{"count":9,"href":"https:\/\/mmsz-dachau.de\/en\/wp-json\/wp\/v2\/pages\/35\/revisions"}],"predecessor-version":[{"id":30060,"href":"https:\/\/mmsz-dachau.de\/en\/wp-json\/wp\/v2\/pages\/35\/revisions\/30060"}],"up":[{"embeddable":true,"href":"https:\/\/mmsz-dachau.de\/en\/wp-json\/wp\/v2\/pages\/11"}],"wp:attachment":[{"href":"https:\/\/mmsz-dachau.de\/en\/wp-json\/wp\/v2\/media?parent=35"}],"curies":[{"name":"wp","href":"https:\/\/api.w.org\/{rel}","templated":true}]}}