{"id":31054,"date":"2017-04-18T15:36:05","date_gmt":"2017-04-18T13:36:05","guid":{"rendered":"https:\/\/mmsz-dachau.de\/impressum\/"},"modified":"2023-02-22T10:44:32","modified_gmt":"2023-02-22T09:44:32","slug":"impressum","status":"publish","type":"page","link":"https:\/\/mmsz-dachau.de\/en\/impressum\/","title":{"rendered":"Impressum"},"content":{"rendered":"<div id=\"content\">\n<p>Verantwortlich f\u00fcr den Inhalt<br \/>\n(Pflichtangaben nach \u00a7 5 Telemediengesetz):<\/p>\n<p>Stiftung Jugendg\u00e4stehaus Dachau<br \/>\nStiftung des \u00f6ffentlichen Rechts<br \/>\nvertreten durch Dr. Markus Gruber<br \/>\nRo\u00dfwachtstra\u00dfe 15<br \/>\n85221 Dachau<\/p>\n<p>Telefon +49 (0)8131-61770<br \/>\nE-mail:\u00a0<a href=\"https:\/\/mmsz-dachau.de\/de\/pages\/kontakt\/&amp;#109;&amp;#97;&amp;#105;&amp;#108;&amp;#116;&amp;#111;&amp;#58;&amp;#98;&amp;#105;&amp;#108;&amp;#100;&amp;#117;&amp;#110;&amp;#103;&amp;#64;&amp;#109;&amp;#109;&amp;#115;&amp;#122;&amp;#45;&amp;#100;&amp;#97;&amp;#99;&amp;#104;&amp;#97;&amp;#117;&amp;#46;&amp;#100;&amp;#101;\">bildung@mmsz-dachau.de<\/a><\/p>\n<p>&nbsp;<\/p>\n<h2>Urheberrecht<\/h2>\n<p>Das Urheberrecht an dem Inhalt dieser Webseite und an Teilen davon steht der Stiftung Jugendg\u00e4stehaus Dachau mit dem Max Mannheimer Studienzentrum (MMSZ) oder demjenigen zu, der ihr die entsprechenden Nutzungsrechte einger\u00e4umt hat. Einzelne Teile dieser Webseite d\u00fcrfen zum ausschlie\u00dflichen Gebrauch innerhalb Ihres Unternehmens heruntergeladen, vor\u00fcbergehend gespeichert und ausgedruckt werden.<\/p>\n<p>Jede andere Vervielf\u00e4ltigung, \u00dcbertragung oder Verbreitung jeglichen Inhalts dieser Webseite, insbesondere durch Herunterladen, Speichern oder Ausdrucken, ist ohne die vorherige schriftliche Zustimmung der Stiftung nicht gestattet.<\/p>\n<h2>Haftung und Disclaimer<\/h2>\n<p>Die Inhalte externer Links, auf die die Webseite \u00fcber Hyperlinks direkt oder indirekt verweist, werden von uns nicht gepr\u00fcft. Jegliche Haftung im Zusammenhang mit der Nutzung der Links oder dem Vertrauen auf deren Richtigkeit wird daher ausgeschlossen. Die auf dieser Webseite enthaltenen Informationen dienen lediglich der allgemeinen Information und stellen keine Beratungsleistung dar. Die rechtlichen Hinweise auf dieser Seite sowie alle Streitigkeiten, die aus dem Inhalt dieser Webseite entstehen oder mit ihr im Zusammenhang stehen, unterliegen dem Recht der Bundesrepublik Deutschland.<\/p>\n<h2>Bildnachweise<\/h2>\n<p>Alle Fotos \u00a9 MMSZ, au\u00dfer: Max Mannheimer: Titelbild: \u00a9 Stefan Schneider, mit freundlicher Genehmigung, restliche Fotos \u00a9 Elija Bostel, mit freundlicher Genehmigung. Fotos in Blogbeitr\u00e4gen und bei Veranstaltungen \u00a9 MMSZ, wenn nicht anders angegeben.<\/p>\n<\/div>\n","protected":false},"excerpt":{"rendered":"<p>Verantwortlich f\u00fcr den Inhalt (Pflichtangaben nach \u00a7 5 Telemediengesetz): Stiftung Jugendg\u00e4stehaus Dachau Stiftung des \u00f6ffentlichen Rechts vertreten durch Dr. Markus Gruber Ro\u00dfwachtstra\u00dfe 15 85221 Dachau Telefon +49 (0)8131-61770 E-mail:\u00a0bildung@mmsz-dachau.de &nbsp; [&hellip;]<\/p>\n","protected":false},"author":1,"featured_media":0,"parent":0,"menu_order":0,"comment_status":"closed","ping_status":"closed","template":"","meta":{"_acf_changed":false,"_et_pb_use_builder":"","_et_pb_old_content":"","_et_gb_content_width":"","footnotes":""},"class_list":["post-31054","page","type-page","status-publish","hentry"],"acf":[],"_links":{"self":[{"href":"https:\/\/mmsz-dachau.de\/en\/wp-json\/wp\/v2\/pages\/31054","targetHints":{"allow":["GET"]}}],"collection":[{"href":"https:\/\/mmsz-dachau.de\/en\/wp-json\/wp\/v2\/pages"}],"about":[{"href":"https:\/\/mmsz-dachau.de\/en\/wp-json\/wp\/v2\/types\/page"}],"author":[{"embeddable":true,"href":"https:\/\/mmsz-dachau.de\/en\/wp-json\/wp\/v2\/users\/1"}],"replies":[{"embeddable":true,"href":"https:\/\/mmsz-dachau.de\/en\/wp-json\/wp\/v2\/comments?post=31054"}],"version-history":[{"count":1,"href":"https:\/\/mmsz-dachau.de\/en\/wp-json\/wp\/v2\/pages\/31054\/revisions"}],"predecessor-version":[{"id":32633,"href":"https:\/\/mmsz-dachau.de\/en\/wp-json\/wp\/v2\/pages\/31054\/revisions\/32633"}],"wp:attachment":[{"href":"https:\/\/mmsz-dachau.de\/en\/wp-json\/wp\/v2\/media?parent=31054"}],"curies":[{"name":"wp","href":"https:\/\/api.w.org\/{rel}","templated":true}]}}