{"id":30994,"date":"2022-08-04T10:01:47","date_gmt":"2022-08-04T08:01:47","guid":{"rendered":"https:\/\/mmsz-dachau.de\/study-center\/max-mannheimer\/"},"modified":"2025-08-21T13:51:16","modified_gmt":"2025-08-21T11:51:16","slug":"max-mannheimer","status":"publish","type":"page","link":"https:\/\/mmsz-dachau.de\/en\/study-center\/max-mannheimer\/","title":{"rendered":"Max Mannheimer"},"content":{"rendered":"<p>[et_pb_section bb_built=&#8221;1&#8243; specialty=&#8221;on&#8221; _builder_version=&#8221;4.27.4&#8243; global_colors_info=&#8221;{}&#8221;][et_pb_column type=&#8221;3_4&#8243; specialty_columns=&#8221;3&#8243;][et_pb_row_inner admin_label=&#8221;Zeile&#8221; _builder_version=&#8221;4.16&#8243; custom_margin_last_edited=&#8221;off|phone&#8221; global_colors_info=&#8221;{}&#8221;][et_pb_column_inner type=&#8221;undefined&#8221; saved_specialty_column_type=&#8221;3_4&#8243; _builder_version=&#8221;3.0.47&#8243; global_colors_info=&#8221;{}&#8221; saved_specialty_column_type=&#8221;3_4&#8243;][et_pb_text _builder_version=&#8221;4.16&#8243; background_color=&#8221;#ffffff&#8221; border_style=&#8221;solid&#8221; saved_tabs=&#8221;all&#8221; global_colors_info=&#8221;{}&#8221;]<\/p>\n<h1>Max Mannheimer<\/h1>\n<p>Max Mannheimer was born on February 6, 1920 in the Czechoslovakian town of Nov\u00fd Ji\u010d\u00edn, where he spent his childhood and adolescent years in the merchant family of Jakob and Margarethe Mannheimer. After the German Army invaded Czechoslovakia in 1938, the family decided to move to the still unoccupied part of the country, to Uhersk\u00fd Brod, where Margarethe was born. Here the family was safe from Nazi persecution for just a few weeks however, and Mannheimer was soon forced to work in road construction.<br \/>On January 27, 1943, Mannheimer, who had married Eva Bock only a few months before, was deported along with his wife, his parents, and siblings to the Auschwitz concentration camp via the Theresienstadt ghetto. Mannheimer\u2019s wife, his parents, his brothers Erich and Ernst, and his younger sister K\u00e4the were all murdered in Auschwitz.<\/p>\n<p>After eighteen months as a prisoner in Auschwitz, Max Mannheimer and his youngest brother Edgar were transferred to the Warsaw concentration camp and from there they were then deported to the Dachau concentration camp. At the Dachau subcamps of Karlsfeld and M\u00fchldorf they were again forced to perform hard labor under horrific conditions. On April 28, 1945, with the Allied troops advancing rapidly, the M\u00fchldorf camp was evacuated and the prisoners forced onto a train with their destination unknown. On April 30, Mannheimer was liberated by US Army units near Tutzing on Lake Starnberg. He was severely undernourished and deeply scared by his concentration camp imprisonment.<\/p>\n<p>After liberation Max Mannheimer first returned to his hometown of Nov\u00fd Ji\u010d\u00edn in Czechoslovakia. There he met the politically engaged Social Democrat Elfriede Eiselt. Mannheimer and Eiselt became a couple and after marrying in 1946 decided to live in Germany. For several years Mannheimer worked for different Jewish organizations in Munich, before he published his memoirs in 2000. Entitled Sp\u00e4tes Tagebuch (A Diary Delayed), the work was in fact written in the 1970s. Under the name \u201cben jakov\u201d \u2013 a homage to his father \u2013 Mannheimer became artistically active as a painter in the 1950s and his paintings were presented in numerous exhibitions. Beginning in the 1980s Mannheimer took part as a contemporary witness at the international youth exchange meetings held in Dachau and subsequently went on to tell thousands of young people about his persecution during the Nazi period.<\/p>\n<p>After actively supporting the creation of a youth guest house in Dachau, from 1988 Mannheimer represented the \u201cLagergemeinschaft Dachau\u201d on the advisory board of the guest house foundation, the \u201cStiftung Jugendg\u00e4stehaus Dachau,\u201d founded in 1998. In recognition of his unstinting commitment to educational and memorial work on the site, the pedagogic section was renamed the \u201cMax Mannheimer Study Center\u201d in 2010.<br \/>Max Mannheimer died on September 23, 2016. Following his death the foundation board decide to rename the foundation and guest facilities into the \u201cStiftung Max Mannheimer-Haus.\u201d<\/p>\n<p><img loading=\"lazy\" decoding=\"async\" class=\"aligncenter size-full wp-image-30088\" src=\"https:\/\/mmsz-dachau.de\/wp-content\/uploads\/2017\/04\/Max-Mannheimer-3.jpg\" alt=\"\" width=\"1842\" height=\"1240\" srcset=\"https:\/\/www.mmsz-dachau.de\/wp-content\/uploads\/2017\/04\/Max-Mannheimer-3.jpg 1842w, https:\/\/www.mmsz-dachau.de\/wp-content\/uploads\/2017\/04\/Max-Mannheimer-3-300x202.jpg 300w, https:\/\/www.mmsz-dachau.de\/wp-content\/uploads\/2017\/04\/Max-Mannheimer-3-768x517.jpg 768w, https:\/\/www.mmsz-dachau.de\/wp-content\/uploads\/2017\/04\/Max-Mannheimer-3-1030x693.jpg 1030w, https:\/\/www.mmsz-dachau.de\/wp-content\/uploads\/2017\/04\/Max-Mannheimer-3-150x101.jpg 150w, https:\/\/www.mmsz-dachau.de\/wp-content\/uploads\/2017\/04\/Max-Mannheimer-3-250x168.jpg 250w, https:\/\/www.mmsz-dachau.de\/wp-content\/uploads\/2017\/04\/Max-Mannheimer-3-350x236.jpg 350w, https:\/\/www.mmsz-dachau.de\/wp-content\/uploads\/2017\/04\/Max-Mannheimer-3-1440x969.jpg 1440w, https:\/\/www.mmsz-dachau.de\/wp-content\/uploads\/2017\/04\/Max-Mannheimer-3-610x411.jpg 610w, https:\/\/www.mmsz-dachau.de\/wp-content\/uploads\/2017\/04\/Max-Mannheimer-3-1080x727.jpg 1080w\" sizes=\"(max-width: 1842px) 100vw, 1842px\" \/><\/p>\n<p>[\/et_pb_text][\/et_pb_column_inner][\/et_pb_row_inner][\/et_pb_column][et_pb_column type=&#8221;1_4&#8243;][\/et_pb_column][\/et_pb_section]<\/p>\n","protected":false},"excerpt":{"rendered":"<p>Max Mannheimer Max Mannheimer was born on February 6, 1920 in the Czechoslovakian town of Nov\u00fd Ji\u010d\u00edn, where he spent his childhood and adolescent years in the merchant family of [&hellip;]<\/p>\n","protected":false},"author":1,"featured_media":30776,"parent":30887,"menu_order":0,"comment_status":"closed","ping_status":"closed","template":"","meta":{"_acf_changed":false,"_et_pb_use_builder":"on","_et_pb_old_content":"","_et_gb_content_width":"","footnotes":""},"class_list":["post-30994","page","type-page","status-publish","has-post-thumbnail","hentry"],"acf":[],"_links":{"self":[{"href":"https:\/\/mmsz-dachau.de\/en\/wp-json\/wp\/v2\/pages\/30994","targetHints":{"allow":["GET"]}}],"collection":[{"href":"https:\/\/mmsz-dachau.de\/en\/wp-json\/wp\/v2\/pages"}],"about":[{"href":"https:\/\/mmsz-dachau.de\/en\/wp-json\/wp\/v2\/types\/page"}],"author":[{"embeddable":true,"href":"https:\/\/mmsz-dachau.de\/en\/wp-json\/wp\/v2\/users\/1"}],"replies":[{"embeddable":true,"href":"https:\/\/mmsz-dachau.de\/en\/wp-json\/wp\/v2\/comments?post=30994"}],"version-history":[{"count":11,"href":"https:\/\/mmsz-dachau.de\/en\/wp-json\/wp\/v2\/pages\/30994\/revisions"}],"predecessor-version":[{"id":35491,"href":"https:\/\/mmsz-dachau.de\/en\/wp-json\/wp\/v2\/pages\/30994\/revisions\/35491"}],"up":[{"embeddable":true,"href":"https:\/\/mmsz-dachau.de\/en\/wp-json\/wp\/v2\/pages\/30887"}],"wp:featuredmedia":[{"embeddable":true,"href":"https:\/\/mmsz-dachau.de\/en\/wp-json\/wp\/v2\/media\/30776"}],"wp:attachment":[{"href":"https:\/\/mmsz-dachau.de\/en\/wp-json\/wp\/v2\/media?parent=30994"}],"curies":[{"name":"wp","href":"https:\/\/api.w.org\/{rel}","templated":true}]}}