{"id":30895,"date":"2018-12-10T11:04:14","date_gmt":"2018-12-10T10:04:14","guid":{"rendered":"https:\/\/mmsz-dachau.de\/study-center\/cooperation-partners\/"},"modified":"2018-12-10T11:04:15","modified_gmt":"2018-12-10T10:04:15","slug":"cooperation-partners","status":"publish","type":"page","link":"https:\/\/mmsz-dachau.de\/en\/study-center\/cooperation-partners\/","title":{"rendered":"Cooperation Partners"},"content":{"rendered":"<p>[et_pb_section bb_built=&#8221;1&#8243; fullwidth=&#8221;on&#8221; specialty=&#8221;off&#8221;][et_pb_fullwidth_image src=&#8221;https:\/\/mmsz-dachau.de\/wp-content\/uploads\/2017\/07\/20170627_mmsz-26.jpg&#8221; show_in_lightbox=&#8221;off&#8221; url_new_window=&#8221;off&#8221; use_overlay=&#8221;off&#8221; border_style=&#8221;solid&#8221; animation=&#8221;fade_in&#8221; _builder_version=&#8221;3.0.59&#8243; \/][\/et_pb_section][et_pb_section bb_built=&#8221;1&#8243; fullwidth=&#8221;off&#8221; specialty=&#8221;on&#8221; _builder_version=&#8221;3.0.64&#8243; background_position_1=&#8221;top_left&#8221; background_repeat_1=&#8221;no-repeat&#8221; background_position_2=&#8221;top_left&#8221; background_repeat_2=&#8221;no-repeat&#8221; module_class=&#8221;mmsz-content&#8221;][et_pb_column type=&#8221;2_3&#8243; specialty_columns=&#8221;2&#8243;][et_pb_row_inner admin_label=&#8221;Zeile&#8221; _builder_version=&#8221;3.0.64&#8243; background_position_1=&#8221;top_left&#8221; background_repeat_1=&#8221;no-repeat&#8221; custom_margin_last_edited=&#8221;off|phone&#8221;][et_pb_column_inner type=&#8221;4_4&#8243; saved_specialty_column_type=&#8221;2_3&#8243;][et_pb_code admin_label=&#8221;Code &#8211; yoast-breadcrumb&#8221; saved_tabs=&#8221;all&#8221; global_module=&#8221;29106&#8243; disabled=&#8221;off&#8221; disabled_on=&#8221;on||&#8221; _builder_version=&#8221;3.0.59&#8243;][yoast-breadcrumb]&lt;!&#8211; [et_pb_line_break_holder] &#8211;&gt;&lt;!&#8211; [et_pb_line_break_holder] &#8211;&gt;[\/et_pb_code][et_pb_text global_parent=&#8221;28931&#8243; background_layout=&#8221;light&#8221; text_orientation=&#8221;left&#8221; border_style=&#8221;solid&#8221; background_color=&#8221;#ffffff&#8221; saved_tabs=&#8221;all&#8221; background_position=&#8221;top_left&#8221; background_repeat=&#8221;repeat&#8221; background_size=&#8221;initial&#8221; _builder_version=&#8221;3.0.64&#8243;]<\/p>\n<h1>Cooperation Partners<\/h1>\n<p>It is the goal of the Max Mannheimer Study Center to offer an education program that is diverse as possible. To ensure this, we are open to cooperation and partnership with competent and reliable institutions active in educational and youth work. Our cooperation with the following partners in particular has produced an intensive and enrichening exchange:<br \/>\n[\/et_pb_text][\/et_pb_column_inner][\/et_pb_row_inner][et_pb_row_inner admin_label=&#8221;Zeile&#8221; _builder_version=&#8221;3.0.64&#8243; background_position_1=&#8221;top_left&#8221; background_repeat_1=&#8221;no-repeat&#8221; background_position_2=&#8221;top_left&#8221; background_repeat_2=&#8221;no-repeat&#8221; background_position_3=&#8221;top_left&#8221; background_repeat_3=&#8221;no-repeat&#8221; make_equal=&#8221;on&#8221;][et_pb_column_inner type=&#8221;1_2&#8243; saved_specialty_column_type=&#8221;2_3&#8243;][et_pb_blurb admin_label=&#8221;KZ-Gedenkst\u00e4tte Dachau&#8221; _builder_version=&#8221;3.0.64&#8243; title=&#8221;KZ-Gedenkst\u00e4tte Dachau&#8221; url=&#8221;www.kz-gedenkstaette-dachau.de&#8221; url_new_window=&#8221;off&#8221; use_icon=&#8221;off&#8221; image=&#8221;https:\/\/mmsz-dachau.de\/wp-content\/uploads\/2017\/04\/partner_kz-gedenkstaette-dachau.jpg&#8221; use_circle=&#8221;off&#8221; use_circle_border=&#8221;off&#8221; icon_placement=&#8221;top&#8221; use_icon_font_size=&#8221;off&#8221; background_layout=&#8221;light&#8221; border_style=&#8221;solid&#8221; animation=&#8221;top&#8221; \/][\/et_pb_column_inner][et_pb_column_inner type=&#8221;1_2&#8243; saved_specialty_column_type=&#8221;2_3&#8243;][et_pb_blurb admin_label=&#8221;Dachauer Forum&#8221; _builder_version=&#8221;3.0.65&#8243; title=&#8221;Dachauer Forum&#8221; url=&#8221;www.dachauer-forum.de&#8221; url_new_window=&#8221;off&#8221; use_icon=&#8221;off&#8221; image=&#8221;https:\/\/mmsz-dachau.de\/wp-content\/uploads\/2017\/04\/partner_dachauer-forum.png&#8221; use_circle=&#8221;off&#8221; use_circle_border=&#8221;off&#8221; icon_placement=&#8221;top&#8221; use_icon_font_size=&#8221;off&#8221; background_layout=&#8221;light&#8221; border_style=&#8221;solid&#8221; animation=&#8221;top&#8221; \/][\/et_pb_column_inner][\/et_pb_row_inner][et_pb_row_inner admin_label=&#8221;Row&#8221;][et_pb_column_inner type=&#8221;1_2&#8243; saved_specialty_column_type=&#8221;2_3&#8243;][et_pb_blurb admin_label=&#8221;Netzwerk Rassismus- und Diskriminierungsfreies Bayern e.V.&#8221; _builder_version=&#8221;3.0.65&#8243; title=&#8221;Netzwerk Rassismus- und Diskriminierungsfreies Bayern e.V.&#8221; url=&#8221;http:\/\/www.rassismusfreies-bayern.net\/&#8221; url_new_window=&#8221;off&#8221; use_icon=&#8221;off&#8221; image=&#8221;https:\/\/mmsz-dachau.de\/wp-content\/uploads\/2017\/04\/Kooppartner-Netzwerk-Rassismus.jpg&#8221; use_circle=&#8221;off&#8221; use_circle_border=&#8221;off&#8221; icon_placement=&#8221;top&#8221; use_icon_font_size=&#8221;off&#8221; background_layout=&#8221;light&#8221; border_style=&#8221;solid&#8221; animation=&#8221;top&#8221; \/][\/et_pb_column_inner][et_pb_column_inner type=&#8221;1_2&#8243; saved_specialty_column_type=&#8221;2_3&#8243;][et_pb_blurb admin_label=&#8221;ITS Bad Arolsen&#8221; _builder_version=&#8221;3.0.65&#8243; title=&#8221;ITS Bad Arolsen&#8221; url=&#8221;https:\/\/www.its-arolsen.org\/&#8221; url_new_window=&#8221;off&#8221; use_icon=&#8221;off&#8221; image=&#8221;https:\/\/mmsz-dachau.de\/wp-content\/uploads\/2017\/04\/Kooppartner-ITS-Bad-Arolsen.jpg&#8221; use_circle=&#8221;off&#8221; use_circle_border=&#8221;off&#8221; icon_placement=&#8221;top&#8221; use_icon_font_size=&#8221;off&#8221; background_layout=&#8221;light&#8221; border_style=&#8221;solid&#8221; animation=&#8221;top&#8221; \/][\/et_pb_column_inner][\/et_pb_row_inner][et_pb_row_inner admin_label=&#8221;Row&#8221;][et_pb_column_inner type=&#8221;1_2&#8243; saved_specialty_column_type=&#8221;2_3&#8243;][et_pb_blurb admin_label=&#8221;Deutsch-Franz\u00f6sisches Jugendwerk (DFJW)&#8221; _builder_version=&#8221;3.0.64&#8243; title=&#8221;Deutsch-Franz\u00f6sisches Jugendwerk (DFJW)&#8221; url=&#8221;www.dfjw.org&#8221; url_new_window=&#8221;off&#8221; use_icon=&#8221;off&#8221; image=&#8221;https:\/\/mmsz-dachau.de\/wp-content\/uploads\/2017\/04\/partner_ofajdfjw.png&#8221; use_circle=&#8221;off&#8221; use_circle_border=&#8221;off&#8221; icon_placement=&#8221;top&#8221; use_icon_font_size=&#8221;off&#8221; background_layout=&#8221;light&#8221; border_style=&#8221;solid&#8221; animation=&#8221;top&#8221; \/][\/et_pb_column_inner][et_pb_column_inner type=&#8221;1_2&#8243; saved_specialty_column_type=&#8221;2_3&#8243;][et_pb_blurb admin_label=&#8221;Network Memory Lab&#8221; _builder_version=&#8221;3.0.65&#8243; title=&#8221;Network Memory Lab&#8221; url=&#8221;http:\/\/www.memorylab-europe.eu\/&#8221; url_new_window=&#8221;off&#8221; use_icon=&#8221;off&#8221; image=&#8221;https:\/\/mmsz-dachau.de\/wp-content\/uploads\/2017\/04\/Kooppartner-Memory-Lab.jpg&#8221; use_circle=&#8221;off&#8221; use_circle_border=&#8221;off&#8221; icon_placement=&#8221;top&#8221; use_icon_font_size=&#8221;off&#8221; background_layout=&#8221;light&#8221; border_style=&#8221;solid&#8221; animation=&#8221;top&#8221; \/][\/et_pb_column_inner][\/et_pb_row_inner][et_pb_row_inner admin_label=&#8221;Row&#8221;][et_pb_column_inner type=&#8221;1_2&#8243; saved_specialty_column_type=&#8221;2_3&#8243;][et_pb_blurb admin_label=&#8221;Evangelische Vers\u00f6hnungskirche in der KZ-Gedenkst\u00e4tte Dachau&#8221; _builder_version=&#8221;3.0.64&#8243; title=&#8221;Evangelische Vers\u00f6hnungskirche in der KZ-Gedenkst\u00e4tte Dachau&#8221; url=&#8221;www.versoehnungskirche-dachau.de&#8221; url_new_window=&#8221;off&#8221; use_icon=&#8221;off&#8221; image=&#8221;https:\/\/mmsz-dachau.de\/wp-content\/uploads\/2017\/04\/partner_versoehnungskirche.png&#8221; use_circle=&#8221;off&#8221; use_circle_border=&#8221;off&#8221; icon_placement=&#8221;top&#8221; use_icon_font_size=&#8221;off&#8221; background_layout=&#8221;light&#8221; border_style=&#8221;solid&#8221; animation=&#8221;top&#8221; \/][\/et_pb_column_inner][et_pb_column_inner type=&#8221;1_2&#8243; saved_specialty_column_type=&#8221;2_3&#8243;][et_pb_blurb admin_label=&#8221;Katholische Seelsorge an der KZ-Gedenkst\u00e4tte Dachau&#8221; _builder_version=&#8221;3.0.64&#8243; title=&#8221;Katholische Seelsorge an der KZ-Gedenkst\u00e4tte Dachau&#8221; url=&#8221;www.gedenkstaettenseelsorge.de&#8221; url_new_window=&#8221;off&#8221; use_icon=&#8221;off&#8221; image=&#8221;https:\/\/mmsz-dachau.de\/wp-content\/uploads\/2017\/04\/partner_katholische-seelsorge.png&#8221; use_circle=&#8221;off&#8221; use_circle_border=&#8221;off&#8221; icon_placement=&#8221;top&#8221; use_icon_font_size=&#8221;off&#8221; background_layout=&#8221;light&#8221; border_style=&#8221;solid&#8221; animation=&#8221;top&#8221; \/][\/et_pb_column_inner][\/et_pb_row_inner][\/et_pb_column][et_pb_column type=&#8221;1_3&#8243;][et_pb_sidebar _builder_version=&#8221;3.0.64&#8243; area=&#8221;sidebar-1&#8243; orientation=&#8221;left&#8221; remove_border=&#8221;off&#8221; background_layout=&#8221;light&#8221; \/][\/et_pb_column][\/et_pb_section]<\/p>\n","protected":false},"excerpt":{"rendered":"<p>[yoast-breadcrumb]&lt;!&#8211; [et_pb_line_break_holder] &#8211;&gt;&lt;!&#8211; [et_pb_line_break_holder] &#8211;&gt; Cooperation Partners It is the goal of the Max Mannheimer Study Center to offer an education program that is diverse as possible. To ensure this, [&hellip;]<\/p>\n","protected":false},"author":1,"featured_media":0,"parent":30887,"menu_order":0,"comment_status":"closed","ping_status":"closed","template":"","meta":{"_acf_changed":false,"_et_pb_use_builder":"on","_et_pb_old_content":"","_et_gb_content_width":"","footnotes":""},"class_list":["post-30895","page","type-page","status-publish","hentry"],"acf":[],"_links":{"self":[{"href":"https:\/\/mmsz-dachau.de\/en\/wp-json\/wp\/v2\/pages\/30895","targetHints":{"allow":["GET"]}}],"collection":[{"href":"https:\/\/mmsz-dachau.de\/en\/wp-json\/wp\/v2\/pages"}],"about":[{"href":"https:\/\/mmsz-dachau.de\/en\/wp-json\/wp\/v2\/types\/page"}],"author":[{"embeddable":true,"href":"https:\/\/mmsz-dachau.de\/en\/wp-json\/wp\/v2\/users\/1"}],"replies":[{"embeddable":true,"href":"https:\/\/mmsz-dachau.de\/en\/wp-json\/wp\/v2\/comments?post=30895"}],"version-history":[{"count":1,"href":"https:\/\/mmsz-dachau.de\/en\/wp-json\/wp\/v2\/pages\/30895\/revisions"}],"predecessor-version":[{"id":30896,"href":"https:\/\/mmsz-dachau.de\/en\/wp-json\/wp\/v2\/pages\/30895\/revisions\/30896"}],"up":[{"embeddable":true,"href":"https:\/\/mmsz-dachau.de\/en\/wp-json\/wp\/v2\/pages\/30887"}],"wp:attachment":[{"href":"https:\/\/mmsz-dachau.de\/en\/wp-json\/wp\/v2\/media?parent=30895"}],"curies":[{"name":"wp","href":"https:\/\/api.w.org\/{rel}","templated":true}]}}